{"id":55,"date":"2021-04-14T15:19:14","date_gmt":"2021-04-14T15:19:14","guid":{"rendered":"https:\/\/blumhof.net\/?page_id=55"},"modified":"2021-05-27T16:00:02","modified_gmt":"2021-05-27T16:00:02","slug":"datenschutzerklaerung","status":"publish","type":"page","link":"https:\/\/blumhof.net\/?page_id=55","title":{"rendered":"Datenschutzerkl\u00e4rung"},"content":{"rendered":"\n<p class=\"has-large-font-size\"><strong>Datenschutzerkl\u00e4rung<\/strong><\/p>\n\n\n\n<p class=\"has-small-font-size\">Verantwortliche Stelle im Sinne der Datenschutzgesetze, insbesondere der EU-Datenschutzgrundverordnung (DSGVO), ist:<\/p>\n\n\n\n<p class=\"has-small-font-size\">Elisabeth Blum<br>Im Lus 2<br>85221Dachau<br>email:  <a rel=\"noreferrer noopener\" href=\"mailto:info@blumhof.net\" data-type=\"mailto\" data-id=\"mailto:info@blumhof.net\" target=\"_blank\">info@blumhof.net<\/a><\/p>\n\n\n\n<p><\/p>\n\n\n\n<p class=\"has-small-font-size\"><strong>IHRE BETROFFENENRECHTE<\/strong><\/p>\n\n\n\n<p class=\"has-small-font-size\">Unter den angegebenen Kontaktdaten unseres Datenschutzbeauftragten k\u00f6nnen Sie jederzeit folgende Rechte aus\u00fcben:<\/p>\n\n\n\n<p class=\"has-small-font-size\">\u00b7&nbsp;&nbsp;&nbsp;&nbsp;&nbsp;&nbsp;&nbsp;&nbsp;Auskunft \u00fcber Ihre bei uns gespeicherten Daten und deren Verarbeitung (Art. 15 DSGVO),<\/p>\n\n\n\n<p class=\"has-small-font-size\">\u00b7&nbsp;&nbsp;&nbsp;&nbsp;&nbsp;&nbsp;&nbsp;&nbsp;Berichtigung unrichtiger personenbezogener Daten (Art. 16 DSGVO),<\/p>\n\n\n\n<p class=\"has-small-font-size\">\u00b7&nbsp;&nbsp;&nbsp;&nbsp;&nbsp;&nbsp;&nbsp;&nbsp;L\u00f6schung Ihrer bei uns gespeicherten Daten (Art. 17 DSGVO),<\/p>\n\n\n\n<p class=\"has-small-font-size\">\u00b7\u00a0\u00a0\u00a0\u00a0\u00a0\u00a0\u00a0\u00a0Einschr\u00e4nkung der Datenverarbeitung, sofern wir Ihre Daten aufgrund gesetzlicher Pflichten noch nicht l\u00f6schen d\u00fcrfen (Art. 18 DSGVO),<\/p>\n\n\n\n<p class=\"has-small-font-size\">\u00b7&nbsp;&nbsp;&nbsp;&nbsp;&nbsp;&nbsp;&nbsp;&nbsp;Widerspruch gegen die Verarbeitung Ihrer Daten bei uns (Art. 21 DSGVO) und<\/p>\n\n\n\n<p class=\"has-small-font-size\">\u00b7\u00a0\u00a0\u00a0\u00a0\u00a0\u00a0\u00a0\u00a0Daten\u00fcbertragbarkeit, sofern Sie in die Datenverarbeitung eingewilligt haben oder einen Vertrag mit uns abgeschlossen haben  <br>         (Art. 20 DSGVO).<\/p>\n\n\n\n<p class=\"has-small-font-size\">Sofern Sie uns eine Einwilligung erteilt haben, k\u00f6nnen Sie diese jederzeit mit Wirkung f\u00fcr die Zukunft widerrufen.<\/p>\n\n\n\n<p class=\"has-small-font-size\">Sie k\u00f6nnen sich jederzeit mit einer Beschwerde an die f\u00fcr Sie zust\u00e4ndige Aufsichtsbeh\u00f6rde wenden (Art. 77 DSGVO i.V.m. \u00a7 19 BDSG). Ihre zust\u00e4ndige Aufsichtsbeh\u00f6rde richtet sich nach dem Bundesland Ihres Wohnsitzes, Ihrer Arbeit oder der mutma\u00dflichen Verletzung. Eine Liste der Aufsichtsbeh\u00f6rden (f\u00fcr den nicht\u00f6ffentlichen Bereich) mit Anschrift finden Sie unter:&nbsp;<a href=\"https:\/\/www.bfdi.bund.de\/DE\/Infothek\/Anschriften_Links\/anschriften_links-node.html\">https:\/\/www.bfdi.bund.de\/DE\/Infothek\/Anschriften_Links\/anschriften_links-node.html.<\/a><\/p>\n\n\n\n<p class=\"has-small-font-size\"><strong>ERFASSUNG ALLGEMEINER INFORMATIONEN BEIM BESUCH UNSERER WEBSITE<\/strong><\/p>\n\n\n\n<p class=\"has-small-font-size\"><strong>Art und Zweck der Verarbeitung:<\/strong><\/p>\n\n\n\n<p class=\"has-small-font-size\">Wenn Sie auf unsere Website zugreifen, d.h., wenn Sie sich nicht registrieren oder anderweitig Informationen \u00fcbermitteln, werden automatisch Informationen allgemeiner Natur erfasst. Diese Informationen (Server-Logfiles) beinhalten etwa die Art des Webbrowsers, das verwendete Betriebssystem, den Domainnamen Ihres Internet-Service-Providers und \u00e4hnliches. Hierbei handelt es sich ausschlie\u00dflich um Informationen, welche keine R\u00fcckschl\u00fcsse auf Ihre Person zulassen.<\/p>\n\n\n\n<p class=\"has-small-font-size\">Sie werden insbesondere zu folgenden Zwecken verarbeitet:<\/p>\n\n\n\n<p class=\"has-small-font-size\">\u00b7&nbsp;&nbsp;&nbsp;&nbsp;&nbsp;&nbsp;&nbsp;&nbsp;Sicherstellung eines problemlosen Verbindungsaufbaus der Website,<\/p>\n\n\n\n<p class=\"has-small-font-size\">\u00b7&nbsp;&nbsp;&nbsp;&nbsp;&nbsp;&nbsp;&nbsp;&nbsp;Sicherstellung einer reibungslosen Nutzung unserer Website,<\/p>\n\n\n\n<p class=\"has-small-font-size\">\u00b7&nbsp;&nbsp;&nbsp;&nbsp;&nbsp;&nbsp;&nbsp;&nbsp;Auswertung der Systemsicherheit und -stabilit\u00e4t sowie<\/p>\n\n\n\n<p class=\"has-small-font-size\">\u00b7&nbsp;&nbsp;&nbsp;&nbsp;&nbsp;&nbsp;&nbsp;&nbsp;zu weiteren administrativen Zwecken.<\/p>\n\n\n\n<p class=\"has-small-font-size\">Wir verwenden Ihre Daten nicht, um R\u00fcckschl\u00fcsse auf Ihre Person zu ziehen.<\/p>\n\n\n\n<p class=\"has-small-font-size\">Anonyme Informationen dieser Art werden von uns ggfs. statistisch ausgewertet, um unseren Internetauftritt und die dahinterstehende Technik zu optimieren.<\/p>\n\n\n\n<p class=\"has-small-font-size\"><strong>Rechtsgrundlage:<\/strong><\/p>\n\n\n\n<p class=\"has-small-font-size\">Die Verarbeitung erfolgt gem\u00e4\u00df Art. 6 Abs. 1 lit. f DSGVO auf Basis unseres berechtigten Interesses an der Verbesserung der Stabilit\u00e4t und Funktionalit\u00e4t unserer Website.<\/p>\n\n\n\n<p class=\"has-small-font-size\"><strong>Empf\u00e4nger:<\/strong><\/p>\n\n\n\n<p class=\"has-small-font-size\">Empf\u00e4nger der Daten sind nur die verantwortliche Stelle und ggf. technische Dienstleister, die f\u00fcr den Betrieb und die Wartung unserer Webseite als Auftragsverarbeiter t\u00e4tig werden.<\/p>\n\n\n\n<p class=\"has-small-font-size\"><strong>Speicherdauer:<\/strong><\/p>\n\n\n\n<p class=\"has-small-font-size\">Die Daten werden gel\u00f6scht, sobald diese f\u00fcr den Zweck der Erhebung nicht mehr erforderlich sind. Dies ist f\u00fcr die Daten, die der Bereitstellung der Webseite dienen, grunds\u00e4tzlich der Fall, wenn die jeweilige Sitzung beendet ist.<\/p>\n\n\n\n<p class=\"has-small-font-size\"><strong>Bereitstellung vorgeschrieben oder erforderlich:<\/strong><\/p>\n\n\n\n<p class=\"has-small-font-size\">Die Bereitstellung der vorgenannten personenbezogenen Daten ist weder gesetzlich noch vertraglich vorgeschrieben. Ohne die IP-Adresse und die Cookie-Kennung ist jedoch der Dienst und die Funktionsf\u00e4higkeit unserer Website nicht gew\u00e4hrleistet. Zudem k\u00f6nnen einzelne Dienste und Services nicht verf\u00fcgbar oder eingeschr\u00e4nkt sein. Aus diesem Grund ist ein Widerspruch ausgeschlossen.<\/p>\n\n\n\n<p class=\"has-small-font-size\"><strong>ERBRINGUNG KOSTENPFLICHTIGER LEISTUNGEN<\/strong><\/p>\n\n\n\n<p class=\"has-small-font-size\"><strong>Art und Zweck der Verarbeitung:<\/strong><\/p>\n\n\n\n<p class=\"has-small-font-size\">Zur Erbringung kostenpflichtiger Leistungen werden von uns zus\u00e4tzliche Daten erfragt, wie z.B. Zahlungsangaben, um Ihre Bestellung ausf\u00fchren zu k\u00f6nnen.<\/p>\n\n\n\n<p class=\"has-small-font-size\"><strong>Rechtsgrundlage:<\/strong><\/p>\n\n\n\n<p class=\"has-small-font-size\">Die Verarbeitung der Daten, die f\u00fcr den Abschluss des Vertrages erforderlich ist, basiert auf Art. 6 Abs. 1 lit. b DSGVO.<\/p>\n\n\n\n<p class=\"has-small-font-size\"><strong>Empf\u00e4nger:<\/strong><\/p>\n\n\n\n<p class=\"has-small-font-size\">Empf\u00e4nger der Daten sind nur die verantwortliche Stelle und ggf. Auftragsverarbeiter.<\/p>\n\n\n\n<p class=\"has-small-font-size\"><strong>Speicherdauer:<\/strong><\/p>\n\n\n\n<p class=\"has-small-font-size\">Wir speichern diese Daten in unseren Systemen bis die gesetzlichen Aufbewahrungsfristen abgelaufen sind. Diese betragen grunds\u00e4tzlich 6 oder 10 Jahre aus Gr\u00fcnden der ordnungsm\u00e4\u00dfigen Buchf\u00fchrung und steuerrechtlichen Anforderungen.<\/p>\n\n\n\n<p class=\"has-small-font-size\"><strong>Bereitstellung vorgeschrieben oder erforderlich:<\/strong><\/p>\n\n\n\n<p class=\"has-small-font-size\">Die Bereitstellung Ihrer personenbezogenen Daten erfolgt freiwillig. Ohne die Bereitstellung Ihrer personenbezogenen Daten k\u00f6nnen wir Ihnen keinen Zugang auf unsere angebotenen Inhalte und Leistungen gew\u00e4hren.<\/p>\n\n\n\n<p class=\"has-small-font-size\"><strong>KONTAKTFORMULAR<\/strong><\/p>\n\n\n\n<p class=\"has-small-font-size\"><strong>Art und Zweck der Verarbeitung:<\/strong><\/p>\n\n\n\n<p class=\"has-small-font-size\">Die von Ihnen eingegebenen Daten werden zum Zweck der individuellen Kommunikation mit Ihnen gespeichert. Hierf\u00fcr ist die Angabe einer validen E-Mail-Adresse erforderlich. Diese dient der Zuordnung der Anfrage und der anschlie\u00dfenden Beantwortung derselben. Die Angabe weiterer Daten ist optional.<\/p>\n\n\n\n<p class=\"has-small-font-size\"><strong>Rechtsgrundlage:<\/strong><\/p>\n\n\n\n<p class=\"has-small-font-size\">Die Verarbeitung der in das Kontaktformular eingegebenen Daten erfolgt auf der Grundlage eines berechtigten Interesses (Art 6 Abs. 1 lit f DSGVO).<\/p>\n\n\n\n<p class=\"has-small-font-size\">Durch Bereitstellung des Kontaktformulars m\u00f6chten wir Ihnen eine unkomplizierte Kontaktaufnahme erm\u00f6glichen. Ihre gemachten Angaben werden zum Zwecke der Bearbeitung der Anfrage sowie f\u00fcr m\u00f6gliche Anschlussfragen gespeichert.<\/p>\n\n\n\n<p class=\"has-small-font-size\">Sofern Sie mit uns Kontakt aufnehmen, um ein Angebot zu erfragen, erfolgt die Verarbeitung der in das Kontaktformular eingegebenen Daten zur Durchf\u00fchrung vorvertraglicher Ma\u00dfnahmen (Art 6 Abs. 1 lit b DSGVO).<\/p>\n\n\n\n<p class=\"has-small-font-size\"><strong>Empf\u00e4nger:<\/strong><\/p>\n\n\n\n<p class=\"has-small-font-size\">Empf\u00e4nger der Daten sind nur die verantwortliche Stelle und ggf. Auftragsverarbeiter.<\/p>\n\n\n\n<p class=\"has-small-font-size\"><strong>Speicherdauer:<\/strong><\/p>\n\n\n\n<p class=\"has-small-font-size\">Daten werden sp\u00e4testens 6 Monate nach Bearbeitung der Anfrage gel\u00f6scht.<\/p>\n\n\n\n<p class=\"has-small-font-size\">Sofern es zu einem Vertragsverh\u00e4ltnis kommt, unterliegen wir den gesetzlichen Aufbewahrungsfristen nach HGB und l\u00f6schen Ihre Daten nach 6 Jahren.<\/p>\n\n\n\n<p class=\"has-small-font-size\"><strong>Bereitstellung vorgeschrieben oder erforderlich:<\/strong><\/p>\n\n\n\n<p class=\"has-small-font-size\">Die Bereitstellung Ihrer personenbezogenen Daten erfolgt freiwillig, allein auf Basis Ihrer Einwilligung. Ohne bestehende Einwilligung k\u00f6nnen wir mit Ihnen leider nicht in Verbindung treten.<\/p>\n\n\n\n<p class=\"has-small-font-size\"><strong>VERWENDUNG VON GOOGLE MAPS<\/strong><\/p>\n\n\n\n<p class=\"has-small-font-size\"><strong>Art und Zweck der Verarbeitung:<\/strong><\/p>\n\n\n\n<p class=\"has-small-font-size\">Auf dieser Webseite nutzen wir das Angebot von Google Maps. Google Maps wird von Google LLC, 1600 Amphitheatre Parkway, Mountain View, CA 94043, USA (nachfolgend \u201eGoogle\u201c) betrieben. Dadurch k\u00f6nnen wir Ihnen interaktive Karten direkt in der Webseite anzeigen und erm\u00f6glichen Ihnen die komfortable Nutzung der Karten-Funktion.<\/p>\n\n\n\n<p class=\"has-small-font-size\">Durch den Besuch der Webseite erh\u00e4lt Google Informationen, dass Sie die entsprechende Unterseite unserer Webseite aufgerufen haben. Dies erfolgt unabh\u00e4ngig davon, ob Google ein Nutzerkonto bereitstellt, \u00fcber das Sie eingeloggt sind, oder ob keine Nutzerkonto besteht. Wenn Sie bei Google eingeloggt sind, werden Ihre Daten direkt Ihrem Konto zugeordnet. Wenn Sie die Zuordnung in Ihrem Profil bei Google nicht w\u00fcnschen, m\u00fcssen Sie sich vor Aktivierung des Buttons bei Google ausloggen. Google speichert Ihre Daten als Nutzungsprofile und nutzt sie f\u00fcr Zwecke der Werbung, Marktforschung und\/oder bedarfsgerechter Gestaltung seiner Webseite. Eine solche Auswertung erfolgt insbesondere (selbst f\u00fcr nicht eingeloggte Nutzer) zur Erbringung bedarfsgerechter Werbung und um andere Nutzer des sozialen Netzwerks \u00fcber Ihre Aktivit\u00e4ten auf unserer Webseite zu informieren. Ihnen steht ein Widerspruchsrecht zu gegen die Bildung dieser Nutzerprofile, wobei Sie sich zur Aus\u00fcbung dessen an Google richten m\u00fcssen.<\/p>\n\n\n\n<p class=\"has-small-font-size\">Wenn Sie nicht m\u00f6chten, dass Google \u00fcber unseren Internetauftritt Daten \u00fcber Sie erhebt, verarbeitet oder nutzt, k\u00f6nnen Sie in Ihrem Browsereinstellungen JavaScript deaktivieren. In diesem Fall k\u00f6nnen Sie unsere Webseiten jedoch nicht oder nur eingeschr\u00e4nkt nutzen.<\/p>\n\n\n\n<p class=\"has-small-font-size\">N\u00e4here Informationen \u00fcber die Datenverarbeitung durch Google k\u00f6nnen Sie&nbsp;<a href=\"http:\/\/www.google.com\/privacypolicy.html\">den Google-Datenschutzhinweisen<\/a>&nbsp;entnehmen. Dort k\u00f6nnen Sie im Datenschutzcenter auch Ihre pers\u00f6nlichen Datenschutz-Einstellungen ver\u00e4ndern.<\/p>\n\n\n\n<p class=\"has-small-font-size\">Ausf\u00fchrliche Anleitungen zur Verwaltung der eigenen Daten im Zusammenhang mit Google-Produkten<a href=\"http:\/\/www.dataliberation.org\/\">&nbsp;finden Sie hier<\/a>.<\/p>\n\n\n\n<p class=\"has-small-font-size\"><strong>Rechtsgrundlage:<\/strong><\/p>\n\n\n\n<p class=\"has-small-font-size\">Rechtsgrundlage f\u00fcr die Einbindung von Google Maps und dem damit verbundenen Datentransfer zu Google ist Ihre Einwilligung (Art. 6 Abs. 1 lit. a DSGVO).<\/p>\n\n\n\n<p class=\"has-small-font-size\"><strong>Empf\u00e4nger:<\/strong><\/p>\n\n\n\n<p class=\"has-small-font-size\">Durch den Besuch der Webseite erh\u00e4lt Google Informationen, dass Sie die entsprechende Unterseite unserer Webseite aufgerufen haben. Dies erfolgt unabh\u00e4ngig davon, ob Google ein Nutzerkonto bereitstellt, \u00fcber das Sie eingeloggt sind, oder ob keine Nutzerkonto besteht. Wenn Sie bei Google eingeloggt sind, werden Ihre Daten direkt Ihrem Konto zugeordnet.<\/p>\n\n\n\n<p class=\"has-small-font-size\">Wenn Sie die Zuordnung in Ihrem Profil bei Google nicht w\u00fcnschen, m\u00fcssen Sie sich vor Aktivierung des Buttons bei Google ausloggen. Google speichert Ihre Daten als Nutzungsprofile und nutzt sie f\u00fcr Zwecke der Werbung, Marktforschung und\/oder bedarfsgerechter Gestaltung seiner Webseite. Eine solche Auswertung erfolgt insbesondere (selbst f\u00fcr nicht eingeloggte Nutzer) zur Erbringung bedarfsgerechter Werbung und um andere Nutzer des sozialen Netzwerks \u00fcber Ihre Aktivit\u00e4ten auf unserer Webseite zu informieren. Ihnen steht ein Widerspruchsrecht zu gegen die Bildung dieser Nutzerprofile, wobei Sie sich zur Aus\u00fcbung dessen an Google richten m\u00fcssen.<\/p>\n\n\n\n<p class=\"has-small-font-size\">Weitere Informationen zu Zweck und Umfang der Datenerhebung und ihrer Verarbeitung durch den Plug-in Anbieter erhalten Sie in den Datenschutzerkl\u00e4rungen des Anbieters. Dort erhalten Sie auch weitere Informationen zu Ihren diesbez\u00fcglichen Rechten und Einstellungsm\u00f6glichkeiten zum Schutze Ihrer Privatsph\u00e4re (<a href=\"https:\/\/policies.google.com\/privacy\">https:\/\/policies.google.com\/privacy<\/a>.)<\/p>\n\n\n\n<p class=\"has-small-font-size\"><strong>Speicherdauer:<\/strong><\/p>\n\n\n\n<p class=\"has-small-font-size\">Wir erheben keine personenbezogenen Daten, durch die Einbindung von Google Maps.<\/p>\n\n\n\n<p class=\"has-small-font-size\">Weitere Informationen zu Google Maps finden Sie in der Datenschutzerkl\u00e4rung von Google (<a href=\"https:\/\/policies.google.com\/privacy\">https:\/\/policies.google.com\/privacy<\/a>).<\/p>\n\n\n\n<p class=\"has-small-font-size\"><strong>Drittlandtransfer:<\/strong><\/p>\n\n\n\n<p class=\"has-small-font-size\">Google verarbeitet Ihre Daten in den USA und hat sich dem EU_US Privacy Shield unterworfen&nbsp;<a href=\"https:\/\/www.privacyshield.gov\/EU-US-Framework\">https:\/\/www.privacyshield.gov\/EU-US-Framework<\/a>.<\/p>\n\n\n\n<p class=\"has-small-font-size\"><strong>Widerruf der Einwilligung:<\/strong><\/p>\n\n\n\n<p class=\"has-small-font-size\">Wenn Sie nicht m\u00f6chten, dass Google \u00fcber unseren Internetauftritt Daten \u00fcber Sie erhebt, verarbeitet oder nutzt, k\u00f6nnen Sie in Ihrem Browsereinstellungen JavaScript deaktivieren. In diesem Fall k\u00f6nnen Sie unsere Webseite jedoch nicht oder nur eingeschr\u00e4nkt nutzen.<\/p>\n\n\n\n<p class=\"has-small-font-size\"><strong>Bereitstellung vorgeschrieben oder erforderlich:<\/strong><\/p>\n\n\n\n<p class=\"has-small-font-size\">Die Bereitstellung Ihrer personenbezogenen Daten erfolgt freiwillig, allein auf Basis Ihrer Einwilligung. Sofern Sie den Zugriff unterbinden, kann es hierdurch zu Funktionseinschr\u00e4nkungen auf der Website kommen.<\/p>\n\n\n\n<p class=\"has-small-font-size\"><strong>\u00c4NDERUNG UNSERER DATENSCHUTZBESTIMMUNGEN<\/strong><\/p>\n\n\n\n<p class=\"has-small-font-size\">Wir behalten uns vor, diese Datenschutzerkl\u00e4rung anzupassen, damit sie stets den aktuellen rechtlichen Anforderungen entspricht oder um \u00c4nderungen unserer Leistungen in der Datenschutzerkl\u00e4rung umzusetzen, z.B. bei der Einf\u00fchrung neuer Services. F\u00fcr Ihren erneuten Besuch gilt dann die neue Datenschutzerkl\u00e4rung.<\/p>\n\n\n\n<p class=\"has-small-font-size\"><strong>FRAGEN AN DEN DATENSCHUTZBEAUFTRAGTEN<\/strong><\/p>\n\n\n\n<p class=\"has-small-font-size\"><a href=\"mailto:info@it-vetter.de\">mailto:info@it-vetter.de<\/a>Wenn Sie Fragen zum Datenschutz haben, schreiben Sie uns bitte eine E-Mail oder wenden Sie sich direkt an die f\u00fcr den Datenschutz verantwortliche Person in unserer Organisation:&nbsp; &nbsp; &nbsp;<a href=\"mailto:info@it-vetter.de\">info@it-vetter.de<\/a><\/p>\n\n\n\n<p class=\"has-small-font-size\"><em>Die Datenschutzerkl\u00e4rung wurde mit dem&nbsp;<a href=\"https:\/\/www.activemind.de\/datenschutz\/datenschutzhinweis-generator\/\" target=\"_blank\" rel=\"noreferrer noopener\">Datenschutzerkl\u00e4rungs-Generator der activeMind AG erstellt<\/a>&nbsp;(Version 2018-06-12).<\/em>&nbsp;<\/p>\n\n\n\n<h2 class=\"has-small-font-size wp-block-heading\">Hinweise zur Datenverarbeitung im Zusammenhang mit Google Analytics<\/h2>\n\n\n\n<p class=\"has-small-font-size\">Diese Website benutzt Google Analytics, einen Webanalysedienst der Google Ireland Limited. Wenn der Verantwortliche f\u00fcr die Datenverarbeitung auf dieser Website au\u00dferhalb des Europ\u00e4ischen Wirtschaftsraumes oder der Schweiz sitzt, dann erfolgt die Google Analytics Datenverarbeitung durch Google LLC. Google LLC und Google Ireland Limited werden nachfolgend &#8222;Google&#8220; genannt.<br><br>Google Analytics verwendet sog. &#8222;Cookies&#8220;, Textdateien, die auf dem Computer des Seitenbesuchers gespeichert werden und die eine Analyse der Benutzung der Website durch den Seitenbesucher erm\u00f6glichen. Die durch das Cookie erzeugten Informationen \u00fcber die Benutzung dieser Website durch den Seitenbesucher (einschlie\u00dflich der gek\u00fcrzten IP-Adresse) werden in der Regel an einen Server von Google \u00fcbertragen und dort gespeichert.<br><br>Google Analytics wird ausschlie\u00dflich mit der Erweiterung &#8222;_anonymizeIp()&#8220; auf dieser Website verwendet. Diese Erweiterung stellt eine Anonymisierung der IP-Adresse durch K\u00fcrzung sicher und schlie\u00dft eine direkte Personenbeziehbarkeit aus. Durch die Erweiterung wird die IP-Adresse von Google innerhalb von Mitgliedstaaten der Europ\u00e4ischen Union oder in anderen Vertragsstaaten des Abkommens \u00fcber den Europ\u00e4ischen Wirtschaftsraum zuvor gek\u00fcrzt. Nur in Ausnahmef\u00e4llen wird die volle IP-Adresse an einen Server von Google in den USA \u00fcbertragen und dort gek\u00fcrzt. Die im Rahmen von Google Analytics von dem entsprechenden Browser \u00fcbermittelte IP-Adresse wird nicht mit anderen Daten von Google zusammengef\u00fchrt.<br><br>Im Auftrag des Seitenbetreibers wird Google die anfallenden Informationen benutzen, um die Nutzung der Website auszuwerten, um Reports \u00fcber die Websiteaktivit\u00e4ten zusammenzustellen und um weitere mit der Websitenutzung und der Internetnutzung verbundene Dienstleistungen dem Seitenbetreiber gegen\u00fcber zu erbringen (Art. 6 Abs. 1 lit. f DSGVO). Das berechtigte Interesse an der Datenverarbeitung liegt in der Optimierung dieser Website, der Analyse der Benutzung der Website und der Anpassung der Inhalte. Die Interessen der Nutzer werden durch die Pseudonymisierung hinreichend gewahrt.<br><br>Google LLC. bietet eine Garantie auf Basis der Standardvertragsklauseln ein angemessenes Datenschutzniveau einzuhalten. Die gesendeten und mit Cookies, Nutzerkennungen (z. B. User-ID) oder Werbe-IDs verkn\u00fcpften Daten werden nach 50 Monaten automatisch gel\u00f6scht. Die L\u00f6schung von Daten, deren Aufbewahrungsdauer erreicht ist, erfolgt automatisch einmal im Monat.<br><br>Die Erfassung durch Google Analytics kann verhindert werden, indem der Seitenbesucher die Cookie-Einstellungen f\u00fcr diese Website anpasst. Der Erfassung und Speicherung der IP-Adresse und der durch Cookies erzeugten Daten kann au\u00dferdem jederzeit mit Wirkung f\u00fcr die Zukunft widersprochen werden. Das entsprechende Browser- Plugin kann unter dem folgenden Link heruntergeladen und installiert werden:&nbsp;<a href=\"http:\/\/tools.google.com\/dlpage\/gaoptout\" target=\"_blank\" rel=\"noreferrer noopener\">https:\/\/tools.google.com\/dlpage\/gaoptout<\/a>.<br><br>Der Seitenbesucher kann die Erfassung durch Google Analytics auf dieser Webseite verhindern, indem er auf folgenden&nbsp;<a href=\"javascript: gaOptOut([&quot;UA-24231837-29&quot;]);\">Link<\/a>&nbsp;klickt. Es wird ein Opt-Out-Cookie gesetzt, der die zuk\u00fcnftige Erfassung der Daten beim Besuch dieser Website verhindert.<br><br>Weitere Informationen zur Datennutzung durch Google, Einstellungs- und Widerspruchsm\u00f6glichkeiten, finden sich in der Datenschutzerkl\u00e4rung von Google (<a href=\"https:\/\/policies.google.com\/privacy\" target=\"_blank\" rel=\"noreferrer noopener\">https:\/\/policies.google.com\/privacy<\/a>) sowie in den Einstellungen f\u00fcr die Darstellung von Werbeeinblendungen durch Google (<a href=\"https:\/\/adssettings.google.com\/authenticated\" target=\"_blank\" rel=\"noreferrer noopener\">https:\/\/adssettings.google.com\/authenticated<\/a>).<\/p>\n\n\n\n<h2 class=\"has-small-font-size wp-block-heading\">reCAPTCHA<\/h2>\n\n\n\n<p class=\"has-small-font-size\">Zum Schutz Ihrer Anfragen per Internetformular verwenden wir den Dienst reCAPTCHA des Unternehmens Google LLC (Google). Die Abfrage dient der Unterscheidung, ob die Eingabe durch einen Menschen oder missbr\u00e4uchlich durch automatisierte, maschinelle Verarbeitung erfolgt. Die Abfrage schlie\u00dft den Versand der IP-Adresse und ggf. weiterer von Google f\u00fcr den Dienst reCAPTCHA ben\u00f6tigter Daten an Google ein. Zu diesem Zweck wird Ihre Eingabe an Google \u00fcbermittelt und dort weiter verwendet. Ihre IP-Adresse wird von Google jedoch innerhalb von Mitgliedstaaten der Europ\u00e4ischen Union oder in anderen Vertragsstaaten des Abkommens \u00fcber den Europ\u00e4ischen Wirtschaftsraum zuvor gek\u00fcrzt. Nur in Ausnahmef\u00e4llen wird die volle IP-Adresse an einen Server von Google in den USA \u00fcbertragen und dort gek\u00fcrzt. Im Auftrag des Betreibers dieser Website wird Google diese Informationen benutzen, um Ihre Nutzung dieses Dienstes auszuwerten. Die im Rahmen von reCaptcha von Ihrem Browser \u00fcbermittelte IP-Adresse wird nicht mit anderen Daten von Google zusammengef\u00fchrt. F\u00fcr diese Daten gelten die abweichenden Datenschutzbestimmungen des Unternehmens Google. Weitere Informationen zu den Datenschutzrichtlinien von Google finden Sie unter:&nbsp;<a href=\"https:\/\/policies.google.com\/privacy?hl=de\" target=\"_blank\" rel=\"noreferrer noopener\">https:\/\/policies.google.com\/privacy?hl=de<\/a><\/p>\n","protected":false},"excerpt":{"rendered":"<p>Datenschutzerkl\u00e4rung Verantwortliche Stelle im Sinne der Datenschutzgesetze, insbesondere der EU-Datenschutzgrundverordnung (DSGVO), ist: Elisabeth BlumIm Lus 285221Dachauemail: info@blumhof.net IHRE BETROFFENENRECHTE Unter den angegebenen Kontaktdaten unseres Datenschutzbeauftragten k\u00f6nnen Sie jederzeit folgende Rechte aus\u00fcben: \u00b7&nbsp;&nbsp;&nbsp;&nbsp;&nbsp;&nbsp;&nbsp;&nbsp;Auskunft \u00fcber Ihre bei uns gespeicherten Daten und deren Verarbeitung (Art. 15 DSGVO), \u00b7&nbsp;&nbsp;&nbsp;&nbsp;&nbsp;&nbsp;&nbsp;&nbsp;Berichtigung unrichtiger personenbezogener Daten (Art. 16 DSGVO), \u00b7&nbsp;&nbsp;&nbsp;&nbsp;&nbsp;&nbsp;&nbsp;&nbsp;L\u00f6schung Ihrer bei uns [&hellip;]<\/p>\n","protected":false},"author":1,"featured_media":0,"parent":0,"menu_order":0,"comment_status":"closed","ping_status":"closed","template":"","meta":{"footnotes":""},"class_list":["post-55","page","type-page","status-publish","hentry","entry"],"_links":{"self":[{"href":"https:\/\/blumhof.net\/index.php?rest_route=\/wp\/v2\/pages\/55"}],"collection":[{"href":"https:\/\/blumhof.net\/index.php?rest_route=\/wp\/v2\/pages"}],"about":[{"href":"https:\/\/blumhof.net\/index.php?rest_route=\/wp\/v2\/types\/page"}],"author":[{"embeddable":true,"href":"https:\/\/blumhof.net\/index.php?rest_route=\/wp\/v2\/users\/1"}],"replies":[{"embeddable":true,"href":"https:\/\/blumhof.net\/index.php?rest_route=%2Fwp%2Fv2%2Fcomments&post=55"}],"version-history":[{"count":6,"href":"https:\/\/blumhof.net\/index.php?rest_route=\/wp\/v2\/pages\/55\/revisions"}],"predecessor-version":[{"id":81,"href":"https:\/\/blumhof.net\/index.php?rest_route=\/wp\/v2\/pages\/55\/revisions\/81"}],"wp:attachment":[{"href":"https:\/\/blumhof.net\/index.php?rest_route=%2Fwp%2Fv2%2Fmedia&parent=55"}],"curies":[{"name":"wp","href":"https:\/\/api.w.org\/{rel}","templated":true}]}}